{"id":1322,"date":"2024-10-22T09:09:57","date_gmt":"2024-10-22T09:09:57","guid":{"rendered":"https:\/\/ponentimpressors.com\/avis-legal-i-condicions-dus\/"},"modified":"2024-11-08T08:31:43","modified_gmt":"2024-11-08T08:31:43","slug":"aviso-legal","status":"publish","type":"page","link":"https:\/\/ponentimpressors.com\/es\/aviso-legal\/","title":{"rendered":"Av\u00eds Legal i Condicions d&#8217;\u00fas"},"content":{"rendered":"<div class=\"fusion-fullwidth fullwidth-box fusion-builder-row-1 fusion-flex-container nonhundred-percent-fullwidth non-hundred-percent-height-scrolling\" style=\"--awb-border-radius-top-left:0px;--awb-border-radius-top-right:0px;--awb-border-radius-bottom-right:0px;--awb-border-radius-bottom-left:0px;--awb-flex-wrap:wrap;\" ><div class=\"fusion-builder-row fusion-row fusion-flex-align-items-flex-start fusion-flex-content-wrap\" style=\"max-width:1248px;margin-left: calc(-4% \/ 2 );margin-right: calc(-4% \/ 2 );\"><div class=\"fusion-layout-column fusion_builder_column fusion-builder-column-0 fusion_builder_column_1_1 1_1 fusion-flex-column\" style=\"--awb-padding-bottom:80px;--awb-bg-blend:overlay;--awb-bg-size:cover;--awb-width-large:100%;--awb-margin-top-large:0px;--awb-spacing-right-large:1.92%;--awb-margin-bottom-large:0px;--awb-spacing-left-large:1.92%;--awb-width-medium:100%;--awb-spacing-right-medium:1.92%;--awb-spacing-left-medium:1.92%;--awb-width-small:100%;--awb-spacing-right-small:1.92%;--awb-spacing-left-small:1.92%;\"><div class=\"fusion-column-wrapper fusion-flex-justify-content-flex-start fusion-content-layout-column\"><div class=\"fusion-text fusion-text-1\" style=\"--awb-font-size:35px;--awb-text-font-family:var(--awb-typography2-font-family);--awb-text-font-weight:var(--awb-typography2-font-weight);--awb-text-font-style:var(--awb-typography2-font-style);\"><p style=\"text-align: left;\"><span style=\"vertical-align: inherit;\"><span style=\"vertical-align: inherit;\">AVISO LEGAL Y CONDICIONES DE USO<\/span><\/span><\/p>\n<\/div><div class=\"fusion-text fusion-text-2\"><p class=\"p1\"><b><span style=\"vertical-align: inherit;\"><span style=\"vertical-align: inherit;\">AVISO LEGAL Y CONDICIONES DE USO DEL PORTAL<\/span><\/span><\/b><\/p>\n<p class=\"p2\"><b><span style=\"vertical-align: inherit;\"><span style=\"vertical-align: inherit;\">Con el fin de dar cumplimiento al art\u00edculo 10 de la Ley 34\/2002 de Servicios de la Sociedad de la Informaci\u00f3n y del Comercio Electr\u00f3nico, informamos a los usuarios de nuestros datos:<\/span><\/span><\/b><\/p>\n<p class=\"p2\"><span style=\"vertical-align: inherit;\"><span style=\"vertical-align: inherit;\">Denominaci\u00f3n Social: <strong>PONENT IMPRESSORS<\/strong><\/span><\/span><\/p>\n<p class=\"p2\"><span style=\"vertical-align: inherit;\"><span style=\"vertical-align: inherit;\">Direcci\u00f3n: <strong>Pda. Sant Just, 92, 25192 \u2013 Lleida<\/strong><\/span><\/span><\/p>\n<p class=\"p2\"><span style=\"vertical-align: inherit;\"><span style=\"vertical-align: inherit;\">CIF: <strong>J25862434<\/strong><\/span><\/span><span class=\"Apple-converted-space\">\u00a0<\/span><\/p>\n<p class=\"p2\"><span style=\"vertical-align: inherit;\"><span style=\"vertical-align: inherit;\">Correo electr\u00f3nico: <\/span><\/span><span class=\"s1\"><b><span style=\"vertical-align: inherit;\"><span style=\"vertical-align: inherit;\">INFO@PONENTIMPRESSORS.COM<\/span><\/span><\/b><\/span><\/p>\n<p class=\"p3\"><span class=\"s2\"><span style=\"vertical-align: inherit;\"><span style=\"vertical-align: inherit;\">Sitio Web: <\/span><\/span><\/span><span style=\"vertical-align: inherit;\"><span class=\"s3\"><a href=\"http:\/\/www.ponentimpressors.com\"><span class=\"s1\"><b><span style=\"vertical-align: inherit;\">www.ponentimpressors.com<\/span><\/b><\/span><\/a><\/span><\/span><b> <\/b><b><\/b><\/p>\n<p class=\"p2\"><span style=\"vertical-align: inherit;\"><span style=\"vertical-align: inherit;\">Datos Registrales:<\/span><\/span><\/p>\n<p class=\"p2\"><span style=\"vertical-align: inherit;\"><span style=\"vertical-align: inherit;\">Actividad Reglada:<\/span><\/span><\/p>\n<p class=\"p2\"><b><span style=\"vertical-align: inherit;\"><span style=\"vertical-align: inherit;\">1.- OBJETO<\/span><\/span><\/b><\/p>\n<p class=\"p2\"><span style=\"vertical-align: inherit;\"><span style=\"vertical-align: inherit;\"><strong>PONENT IMPRESSORS<\/strong> (en adelante tambi\u00e9n el prestamista) como responsable del sitio web, pone a disposici\u00f3n de los usuarios el presente documento, que regula el uso del sitio web<\/span><\/span><a href=\"http:\/\/www.ponentimpressors.com\"><span class=\"s4\"><b><span style=\"vertical-align: inherit;\"><span style=\"vertical-align: inherit;\"> www.ponentimpressors.com<\/span><\/span><\/b><\/span><\/a><span style=\"vertical-align: inherit;\"><span style=\"vertical-align: inherit;\"> , con el que pretendemos dar cumplimiento a las obligaciones que dispone la Ley 34\/2002, de Servicios de la Sociedad de la Informaci\u00f3n y del Comercio Electr\u00f3nico (LSSICE o LSSI), as\u00ed como informar a todos los usuarios del sitio web respecto a cu\u00e1les son las condiciones de uso del sitio web.<\/span><\/span><\/p>\n<p class=\"p2\"><span style=\"vertical-align: inherit;\"><span style=\"vertical-align: inherit;\">A trav\u00e9s de la Web, <strong>PONENT IMPRESSORS<\/strong><\/span><\/span><span style=\"vertical-align: inherit;\"><span style=\"vertical-align: inherit;\">\u00a0facilita a los usuarios el acceso y utilizaci\u00f3n de distintos servicios y contenidos puestos a disposici\u00f3n a trav\u00e9s de la web.<\/span><\/span><\/p>\n<p class=\"p2\"><span style=\"vertical-align: inherit;\"><span style=\"vertical-align: inherit;\">Toda persona que acceda a esta web asume el papel de usuario (en adelante el usuario), e implica la aceptaci\u00f3n plena y sin reservas de todas y cada una de las disposiciones incluidas en este aviso legal, as\u00ed como en cualesquiera otras disposiciones legales que fueran de aplicaci\u00f3n.<\/span><\/span><\/p>\n<p class=\"p2\"><span style=\"vertical-align: inherit;\"><span style=\"vertical-align: inherit;\">Como usuarios, debe leer atentamente este Aviso Legal en cualquiera de las ocasiones que entra en la web, pues \u00e9ste puede sufrir modificaciones ya que el prestamista se reserva el derecho a modificar cualquier tipo de informaci\u00f3n que pudiera aparecer en la web, sin que exista la obligaci\u00f3n de preavisar o poner en conocimiento de los usuarios estas obligaciones, siendo suficientes la publicaci\u00f3n en el sitio web del prestamista.<\/span><\/span><\/p>\n<p class=\"p2\"><b><span style=\"vertical-align: inherit;\"><span style=\"vertical-align: inherit;\">2. CONDICIONES DE ACCESO Y USO DE LA WEB.<\/span><\/span><\/b><\/p>\n<p class=\"p2\"><b><span style=\"vertical-align: inherit;\"><span style=\"vertical-align: inherit;\">2.1. Car\u00e1cter gratuito del acceso y uso de la web.<\/span><\/span><\/b><\/p>\n<p class=\"p2\"><span style=\"vertical-align: inherit;\"><span style=\"vertical-align: inherit;\">La prestaci\u00f3n de servicios por parte de <strong>PONENT IMPRESSORS<\/strong><\/span><\/span><span style=\"vertical-align: inherit;\"><span style=\"vertical-align: inherit;\">\u00a0tiene car\u00e1cter gratuito para todos los Usuarios. Sin embargo, algunos de los servicios suministrados por el prestamista o por terceros a trav\u00e9s de la Web est\u00e1n sujetos al pago de un precio determinado en las condiciones generales de contrataci\u00f3n.<\/span><\/span><\/p>\n<p class=\"p2\"><b><span style=\"vertical-align: inherit;\"><span style=\"vertical-align: inherit;\">2.2. Registro de Usuario.<\/span><\/span><span class=\"Apple-converted-space\">\u00a0<\/span><\/b><\/p>\n<p class=\"p2\"><span style=\"vertical-align: inherit;\"><span style=\"vertical-align: inherit;\">Con car\u00e1cter general, la prestaci\u00f3n de los Servicios no exige la previa suscripci\u00f3n o registro de los Usuarios. Sin embargo, <strong>PONENT IMPRESSORS<\/strong><\/span><\/span><span style=\"vertical-align: inherit;\"><span style=\"vertical-align: inherit;\">\u00a0condiciona el uso de algunos de los servicios a la previa complementaci\u00f3n del correspondiente registro de Usuario. Este registro se efectuar\u00e1 en la forma expresamente indicada en la secci\u00f3n del servicio.<\/span><\/span><\/p>\n<p class=\"p2\"><b><span style=\"vertical-align: inherit;\"><span style=\"vertical-align: inherit;\">2.3. Veracidad de la informaci\u00f3n.<\/span><\/span><\/b><\/p>\n<p class=\"p2\"><span style=\"vertical-align: inherit;\"><span style=\"vertical-align: inherit;\">Toda la informaci\u00f3n que facilita el Usuario debe ser veraz. A estos efectos, el Usuario garantiza la autenticidad de los datos comunicados a trav\u00e9s de los formularios para la suscripci\u00f3n de los Servicios. Ser\u00e1 responsabilidad del Usuario mantener toda la informaci\u00f3n facilitada a <strong>PONENT IMPRESSORS<\/strong><\/span><\/span><span style=\"vertical-align: inherit;\"><span style=\"vertical-align: inherit;\">\u00a0permanentemente actualizada de forma que responda, en cada momento, a su situaci\u00f3n real. En todo caso, el Usuario ser\u00e1 el \u00fanico responsable de las manifestaciones falsas o inexactas que realice y de los perjuicios que cause al prestamista oa terceros.<\/span><\/span><\/p>\n<p class=\"p2\"><b><span style=\"vertical-align: inherit;\"><span style=\"vertical-align: inherit;\">2.4. Menores de edad.<\/span><\/span><\/b><\/p>\n<p class=\"p2\"><span style=\"vertical-align: inherit;\"><span style=\"vertical-align: inherit;\">Para el uso de los servicios, los menores de edad deben obtener siempre previamente el consentimiento de los padres, tutores o representantes legales, responsables \u00faltimos de todos los actos realizados por los menores a su cargo. La responsabilidad en la determinaci\u00f3n de contenidos concretos a los que acceden los menores corresponde a aquellos, por lo que si acceden a contenidos no apropiados por Internet, deber\u00e1n establecerse en sus ordenadores mecanismos, en particular programas inform\u00e1ticos, filtros y bloqueos , que permitan limitar los contenidos disponibles y, aunque no sean infalibles, son de especial utilidad para controlar y restringir los materiales a los que pueden acceder los menores.<\/span><\/span><\/p>\n<p class=\"p2\"><b><span style=\"vertical-align: inherit;\"><span style=\"vertical-align: inherit;\">2.5. Obligaci\u00f3n de hacer un correcto uso de la Web.<\/span><\/span><\/b><\/p>\n<p class=\"p2\"><span style=\"vertical-align: inherit;\"><span style=\"vertical-align: inherit;\">El Usuario se compromete a utilizar la Web de conformidad a la Ley y al presente Aviso Legal, as\u00ed como a la moral ya las buenas costumbres. A tal efecto, el Usuario se abstendr\u00e1 de utilizar la p\u00e1gina con fines il\u00edcitos o prohibidos, lesivos de derechos e intereses de terceros, o que de cualquier forma puedan da\u00f1ar, inutilizar, sobrecargar, deteriorar o impedir la normal utilizaci\u00f3n de equipos inform\u00e1ticos o documentos, archivos y toda clase de contenidos almacenados en cualquier equipo inform\u00e1tico del prestamista.<\/span><\/span><span class=\"Apple-converted-space\">\u00a0<\/span><\/p>\n<p class=\"p2\"><span style=\"vertical-align: inherit;\"><span style=\"vertical-align: inherit;\">En particular, ya t\u00edtulo indicativo pero no exhaustivo, el Usuario se compromete a no transmitir, difundir o poner a disposici\u00f3n de terceros informaciones, datos, contenidos, mensajes, gr\u00e1ficos, dibujos, archivos de sonido o imagen, fotograf\u00edas, grabaciones, software y , en general, cualquier clase de material que:<\/span><\/span><\/p>\n<p class=\"p2\"><span style=\"vertical-align: inherit;\"><span style=\"vertical-align: inherit;\">(a) sea contraria, desprecie o atente contra los derechos fundamentales y las libertades p\u00fablicas reconocidas constitucionalmente, en tratados internacionales y otras normas vigentes;<\/span><\/span><\/p>\n<p class=\"p2\"><span style=\"vertical-align: inherit;\"><span style=\"vertical-align: inherit;\">(b) induzca, incite o promueva actuaciones delictivas, denigrantes, difamatorias, violentas o, en general, contrarias a la ley, a la moral y al orden p\u00fablico;<\/span><\/span><\/p>\n<p class=\"p2\"><span style=\"vertical-align: inherit;\"><span style=\"vertical-align: inherit;\">(c) induzca, incite o promueva actuaciones, actitudes o pensamientos discriminatorios por raz\u00f3n de sexo, raza, religi\u00f3n, creencias, edad o condici\u00f3n;<\/span><\/span><\/p>\n<p class=\"p2\"><span style=\"vertical-align: inherit;\"><span style=\"vertical-align: inherit;\">(d) sea contrario al derecho al honor, a la intimidad personal o familiar oa la propia imagen de las personas;<\/span><\/span><\/p>\n<p class=\"p2\"><span style=\"vertical-align: inherit;\"><span style=\"vertical-align: inherit;\">(e) de cualquier modo perjudique la credibilidad del prestamista o de terceros; y<\/span><\/span><\/p>\n<p class=\"p2\"><span style=\"vertical-align: inherit;\"><span style=\"vertical-align: inherit;\">(f) constituya publicidad il\u00edcita, enga\u00f1osa o desleal.<\/span><\/span><\/p>\n<p class=\"p2\"><b><span style=\"vertical-align: inherit;\"><span style=\"vertical-align: inherit;\">3.- EXCLUSI\u00d3N DE GARANT\u00cdAS Y RESPONSABILIDAD<\/span><\/span><\/b><\/p>\n<p class=\"p2\">El prestador s\u2019eximeix de qualsevol tipus de responsabilitat derivada de la informaci\u00f3 publicada en el nostre lloc web, sempre que aquesta informaci\u00f3 hagi estat manipulada o introdu\u00efda per un tercer ali\u00e8.<span class=\"Apple-converted-space\">\u00a0<\/span><\/p>\n<p class=\"p2\">Aquesta web ha estat revisada i provada per a que funcioni correctament. En principi, es pot garantir el correcte funcionament els 365 dies de l\u2019any, 24 hores al dia. No obstant aix\u00f2, el prestador no descarta la possibilitat que existeixin determinats errors de programaci\u00f3, o que succeeixin causes de for\u00e7a major, cat\u00e0strofes naturals, vagues, o circumst\u00e0ncies semblants que facin impossible l\u2019acc\u00e9s a la p\u00e0gina web.<\/p>\n<p class=\"p2\"><span style=\"vertical-align: inherit;\"><strong>PONENT IMPRESSORS <\/strong><\/span>no atorga cap garantia ni es fa responsable, en cap cas, dels danys i perjudicis de qualsevol naturalesa que puguin sortir a col\u00b7laci\u00f3 de la falta de disponibilitat, manteniment i efectiu funcionament de la web o dels seus serveis i continguts; de l\u2019exist\u00e8ncia de virus, programes maliciosos o lesius en els continguts; de l\u2019\u00fas il\u00b7l\u00edcit, negligent, fraudulent o contrari a aquest Av\u00eds Legal i condicions d\u2019\u00fas; o de La falta de licitud, qualitat, fiabilitat, utilitat i disponibilitat dels serveis prestats per tercers i posats a disposici\u00f3 dels usuaris en el lloc web.<\/p>\n<p class=\"p2\">El prestador no es fa responsable sota cap concepte dels danys que puguin dimanar de l\u2019\u00fas il\u00b7legal o indegut de la present p\u00e0gina web.<\/p>\n<p class=\"p2\"><b>4.- COOKIES<\/b><\/p>\n<p class=\"p2\">El lloc web del prestador pot utilitzar cookies (petits arxius d\u2019informaci\u00f3 que el servidor envia a l\u2019ordinador de qui accedeix a la p\u00e0gina) per a dur a terme determinades funcions que s\u00f3n considerades imprescindibles per al correcte funcionament i visualitzaci\u00f3 del lloc. Les cookies utilitzades tenen, en tot cas, car\u00e0cter temporal, amb l&#8217;\u00fanica finalitat de fer m\u00e9s efica\u00e7 la navegaci\u00f3, i desapareixen en acabar la sessi\u00f3 de l&#8217;usuari.<\/p>\n<p class=\"p2\">En cap cas s\u2019utilitzaran les cookies per a recollir informaci\u00f3 de car\u00e0cter personal.<\/p>\n<p class=\"p2\">Per a m\u00e9s informaci\u00f3, vegeu la nostra <a href=\"file:\/\/\/Users\/usuari\/Desktop\/COMPSAONLINE\/U%CC%81tils\/5_TEXT%20LEGALS\/%3Cu%3E\/politica-de-cookies%3C\/u%3E\/\"><span class=\"s4\">Pol\u00edtica de Cookies<\/span><\/a><\/p>\n<p class=\"p2\"><b>5.- ENLLA\u00c7OS (LINKS)<\/b><\/p>\n<p class=\"p2\">Des del lloc web \u00e9s possible que es redirigeixi a continguts de terceres webs. At\u00e8s que des del web no podem controlar sempre els continguts introdu\u00efts pels tercers, <span style=\"vertical-align: inherit;\"><strong>PONENT IMPRESSORS<\/strong><\/span>\u00a0no assumeix cap tipus de responsabilitat respecte a aquests continguts. En tot cas, el prestador manifesta que procedir\u00e0 a la retirada immediata de qualsevol contingut que pogu\u00e9s contravenir la legislaci\u00f3 nacional o internacional, la moral o l\u2019ordre p\u00fablic, procedint a la retirada immediata de la re-direcci\u00f3 a aquestes webs, posant en coneixement de les autoritats competents el contingut en q\u00fcesti\u00f3.<\/p>\n<p class=\"p2\">El prestador no es responsabilitza de la informaci\u00f3 i continguts emmagatzemats, a t\u00edtol enunciatiu per\u00f2 no limitant, en f\u00f2rums, xats, generadors de blogs, comentaris, xarxes socials o qualsevol altre mitj\u00e0 que permeti a tercers publicar continguts de forma independent a la p\u00e0gina web del prestador. No obstant aix\u00f2 i en compliment del que disposa l\u2019 art. 11 i 16 de la LSSICE, el prestador es posa a disposici\u00f3 de tots els usuaris, autoritats i forces de seguretat, i col\u00b7laborant de forma activa en la retirada o, quan esdevingui necessari, el bloqueig de tots aquells continguts que puguin afectar o contravenir la legislaci\u00f3 nacional, o internacional, drets de tercers o la moral i l\u2019ordre p\u00fablic. En cas que l\u2019usuari consideri que pot existir algun contingut que pogu\u00e9s ser susceptible de aquesta classificaci\u00f3, es prega ho notifiqui de forma immediata al administrador del lloc web.<\/p>\n<p class=\"p2\"><b>6.- PROTECCI\u00d3 DE DADES PERSONALS<span class=\"Apple-converted-space\">\u00a0<\/span><\/b><\/p>\n<p class=\"p2\">El prestador est\u00e0 profundament comprom\u00e8s amb el compliment de la normativa de protecci\u00f3 de dades personals i garanteix el compliment \u00edntegre de les obligacions disposades, aix\u00ed com la implementaci\u00f3 de les mesures de seguretat disposades al Reglament Europeu de Protecci\u00f3 de dades i la normativa espanyola de protecci\u00f3 de dades.<\/p>\n<p class=\"p2\">Per a m\u00e9s informaci\u00f3, vegeu la nostra <a href=\"file:\/\/\/Users\/usuari\/Desktop\/COMPSAONLINE\/U%CC%81tils\/5_TEXT%20LEGALS\/%3Cu%3E\/politica-de-privadesa%3C\/u%3E\/\"><span class=\"s4\">Pol\u00edtica de Privadesa.<\/span><\/a><\/p>\n<p class=\"p2\"><b>7. XARXES SOCIALS<\/b><\/p>\n<p class=\"p2\">Li informem que <span style=\"vertical-align: inherit;\"><strong>PONENT IMPRESSORS<\/strong><\/span> pot estar present en xarxes socials. El tractament de les dades que els usuaris incloguin en les mateixes [fent-se seguidors del prestador en les xarxes socials (i\/o realitzin qualsevol vincle o acci\u00f3 de connexi\u00f3 a trav\u00e9s d\u2019aquestes)] es regir\u00e0 per aquest apartat, aix\u00ed com per les condicions d\u2019\u00fas, pol\u00edtiques de privacitat i normatives d\u2019acc\u00e9s i \u00fas de les xarxes socials en q\u00fcesti\u00f3 i acceptades pr\u00e8viament per l\u2019 usuari. <span style=\"vertical-align: inherit;\"><strong>PONENT IMPRESSORS<\/strong><\/span>\u00a0tractar\u00e0 les seves dades amb la finalitat d\u2019 informar-li de les activitats, productes o serveis del prestador a trav\u00e9s d\u2019aquests xarxes socials, aix\u00ed com per a qualsevol altre finalitat que les normatives de les Xarxes Socials permetin, per\u00f2 no se\u2019n far\u00e0 responsable de les seves pol\u00edtiques de privacitat.<\/p>\n<p class=\"p2\">Queda prohibida la publicaci\u00f3 de continguts:<span class=\"Apple-converted-space\">\u00a0<\/span><\/p>\n<ul class=\"ul1\">\n<li class=\"li2\">Que siguin presumptament il\u00b7l\u00edcits per la normativa nacional, comunit\u00e0ria o internacional o que realitzin activitats presumptament il\u00b7l\u00edcites o contravinguin els principis de la bona fe.<\/li>\n<li class=\"li2\">Que atemptin contra els drets fonamentals de les persones, faltin a la cortesia a la xarxa, molestin o puguin generar opinions negatives als nostres usuaris o tercers i en general qualsevol contingut que <span style=\"vertical-align: inherit;\"><strong>PONENT IMPRESSORS<\/strong><\/span>\u00a0consideri no apropiats.<\/li>\n<li class=\"li2\">I en general que contravinguin els principis de legalitat, honorabilitat, responsabilitat, protecci\u00f3 de la dignitat humana, protecci\u00f3 de menors, protecci\u00f3 del ordre p\u00fablic, la protecci\u00f3 de la vida privada, protecci\u00f3 del consumidor i els drets de propietat intel\u00b7lectual i industrial.<\/li>\n<\/ul>\n<p class=\"p2\"><span style=\"vertical-align: inherit;\"><span style=\"vertical-align: inherit;\">Asimismo, <strong>PONENT IMPRESSORS<\/strong><\/span><\/span><span style=\"vertical-align: inherit;\"><span style=\"vertical-align: inherit;\">\u00a0se reserva la potestad de retirar, sin previo aviso de la p\u00e1gina web o de la red social corporativa aquellos contenidos que se consideren no apropiados.<\/span><\/span><\/p>\n<p class=\"p2\"><b><span style=\"vertical-align: inherit;\"><span style=\"vertical-align: inherit;\">8.- PROPIEDAD INTELECTUAL E INDUSTRIAL<\/span><\/span><\/b><\/p>\n<p class=\"p2\"><span style=\"vertical-align: inherit;\"><span style=\"vertical-align: inherit;\">El sitio web, incluyendo a t\u00edtulo enunciativo pero no limitativo la programaci\u00f3n, edici\u00f3n, compilaci\u00f3n y otros elementos necesarios para su funcionamiento, los dise\u00f1os, logotipos, textos, fotograf\u00edas y\/o gr\u00e1ficos son propiedad del prestamista o, en caso de que fuera necesario, dispone de la licencia o autorizaci\u00f3n expresa por parte de los autores. Todos los contenidos del sitio web est\u00e1n debidamente protegidos por la normativa de propiedad intelectual e industrial.<\/span><\/span><\/p>\n<p class=\"p2\"><span style=\"vertical-align: inherit;\"><span style=\"vertical-align: inherit;\">Independientemente de la finalidad por la que fuesen destinados, la reproducci\u00f3n total o parcial, uso, distribuci\u00f3n y comunicaci\u00f3n p\u00fablica requieren de la autorizaci\u00f3n escrita previa por parte del prestamista. Cualquier uso no autorizado previamente por parte del prestamista ser\u00e1 considerado un incumplimiento grave de los derechos de propiedad intelectual o industrial del autor.<\/span><\/span><\/p>\n<p class=\"p2\"><span style=\"vertical-align: inherit;\"><span style=\"vertical-align: inherit;\">Los dise\u00f1os, logotipos, textos y\/o gr\u00e1ficos ajenos al prestamista y que puedan aparecer en el sitio web, pertenecen a sus respectivos propietarios, siendo ellos mismos los responsables de cualquier posible controversia que pudiera acontecer respecto a los mismos. En todo caso, el prestamista cuenta con la autorizaci\u00f3n expresa y previa por parte de los mismos.<\/span><\/span><\/p>\n<p class=\"p2\"><span style=\"vertical-align: inherit;\"><span style=\"vertical-align: inherit;\">El prestamista reconoce a favor de sus titulares los correspondientes derechos de propiedad industrial e intelectual, no implicando la menci\u00f3n o aparici\u00f3n en el sitio web, de la existencia de derechos o ninguna responsabilidad del prestamista sobre los mismos, como tampoco apoyo, patrocinio o recomendaci\u00f3n por parte del mismo.<\/span><\/span><\/p>\n<p class=\"p2\"><span style=\"vertical-align: inherit;\"><span style=\"vertical-align: inherit;\">Para realizar cualquier tipo de observaci\u00f3n respecto a posibles incumplimientos de los derechos de propiedad intelectual o industrial, as\u00ed como sobre cualquiera de los contenidos del sitio web, puede hacerlo a trav\u00e9s del correo electr\u00f3nico arriba rese\u00f1ado.<\/span><\/span><\/p>\n<p class=\"p2\"><b><span style=\"vertical-align: inherit;\"><span style=\"vertical-align: inherit;\">9.- LEY APLICABLE Y JURISDICCI\u00d3N<\/span><\/span><\/b><\/p>\n<p class=\"p2\"><span style=\"vertical-align: inherit;\"><span style=\"vertical-align: inherit;\">Para la resoluci\u00f3n de las controversias o cuestiones relacionadas con la presente p\u00e1gina web o de las actividades en \u00e9sta desarrolladas, ser\u00e1 de aplicaci\u00f3n la legislaci\u00f3n espa\u00f1ola, a la que se someten expresamente las partes, siendo competentes por la resoluci\u00f3n de todos los conflictos derivados o relacionados con su uso los Juzgados y Tribunales de Lleida.<\/span><\/span><\/p>\n<div id=\"gtx-trans\" style=\"position: absolute; left: 71px; top: 222px;\">\n<div class=\"gtx-trans-icon\"><\/div>\n<\/div>\n<\/div><\/div><\/div><\/div><\/div>\n","protected":false},"excerpt":{"rendered":"","protected":false},"author":1,"featured_media":0,"parent":0,"menu_order":0,"comment_status":"closed","ping_status":"open","template":"","meta":{"footnotes":""},"class_list":["post-1322","page","type-page","status-publish","hentry"],"_links":{"self":[{"href":"https:\/\/ponentimpressors.com\/es\/wp-json\/wp\/v2\/pages\/1322","targetHints":{"allow":["GET"]}}],"collection":[{"href":"https:\/\/ponentimpressors.com\/es\/wp-json\/wp\/v2\/pages"}],"about":[{"href":"https:\/\/ponentimpressors.com\/es\/wp-json\/wp\/v2\/types\/page"}],"author":[{"embeddable":true,"href":"https:\/\/ponentimpressors.com\/es\/wp-json\/wp\/v2\/users\/1"}],"replies":[{"embeddable":true,"href":"https:\/\/ponentimpressors.com\/es\/wp-json\/wp\/v2\/comments?post=1322"}],"version-history":[{"count":2,"href":"https:\/\/ponentimpressors.com\/es\/wp-json\/wp\/v2\/pages\/1322\/revisions"}],"predecessor-version":[{"id":1380,"href":"https:\/\/ponentimpressors.com\/es\/wp-json\/wp\/v2\/pages\/1322\/revisions\/1380"}],"wp:attachment":[{"href":"https:\/\/ponentimpressors.com\/es\/wp-json\/wp\/v2\/media?parent=1322"}],"curies":[{"name":"wp","href":"https:\/\/api.w.org\/{rel}","templated":true}]}}