{"id":1336,"date":"2024-10-22T09:19:22","date_gmt":"2024-10-22T09:19:22","guid":{"rendered":"https:\/\/ponentimpressors.com\/politica-de-privadesa-2\/"},"modified":"2024-11-08T08:36:48","modified_gmt":"2024-11-08T08:36:48","slug":"politica-de-privacidad-2","status":"publish","type":"page","link":"https:\/\/ponentimpressors.com\/es\/politica-de-privacidad-2\/","title":{"rendered":"Pol\u00edtica de privacidad"},"content":{"rendered":"<div class=\"fusion-fullwidth fullwidth-box fusion-builder-row-1 fusion-flex-container has-pattern-background has-mask-background nonhundred-percent-fullwidth non-hundred-percent-height-scrolling\" style=\"--awb-border-radius-top-left:0px;--awb-border-radius-top-right:0px;--awb-border-radius-bottom-right:0px;--awb-border-radius-bottom-left:0px;--awb-flex-wrap:wrap;\" ><div class=\"fusion-builder-row fusion-row fusion-flex-align-items-flex-start fusion-flex-content-wrap\" style=\"max-width:1248px;margin-left: calc(-4% \/ 2 );margin-right: calc(-4% \/ 2 );\"><div class=\"fusion-layout-column fusion_builder_column fusion-builder-column-0 fusion_builder_column_1_1 1_1 fusion-flex-column\" style=\"--awb-bg-size:cover;--awb-width-large:100%;--awb-margin-top-large:15px;--awb-spacing-right-large:1.92%;--awb-margin-bottom-large:15px;--awb-spacing-left-large:1.92%;--awb-width-medium:100%;--awb-order-medium:0;--awb-spacing-right-medium:1.92%;--awb-spacing-left-medium:1.92%;--awb-width-small:100%;--awb-order-small:0;--awb-spacing-right-small:1.92%;--awb-spacing-left-small:1.92%;\"><div class=\"fusion-column-wrapper fusion-column-has-shadow fusion-flex-justify-content-flex-start fusion-content-layout-column\"><div class=\"fusion-text fusion-text-1\" style=\"--awb-font-size:25px;--awb-text-font-family:var(--awb-typography2-font-family);--awb-text-font-weight:var(--awb-typography2-font-weight);--awb-text-font-style:var(--awb-typography2-font-style);\"><p>Pol\u00edtica de Privacidad<\/p>\n<div id=\"gtx-trans\" style=\"position: absolute; left: 116px; top: 38px;\">\n<div class=\"gtx-trans-icon\"><\/div>\n<\/div>\n<\/div><div class=\"fusion-text fusion-text-2\"><p class=\"p2\"><span style=\"vertical-align: inherit;\"><span style=\"vertical-align: inherit;\">En cumplimiento del Cap\u00edtulo II de la ley 34\/2002, LSSICE, les informamos que la presente p\u00e1gina web es propiedad de <b>PONENT IMPRESSORS<\/b><\/span><\/span><span style=\"vertical-align: inherit;\"><span style=\"vertical-align: inherit;\"> , en adelante tambi\u00e9n el Prestador, domiciliada en <strong>Pda. Sant Just, 92, 25192 \u2013 Lleida<\/strong><\/span><\/span><span style=\"vertical-align: inherit;\"><span style=\"vertical-align: inherit;\">, con CIF <strong>J25862434<\/strong><\/span><\/span><span style=\"vertical-align: inherit;\"><span style=\"vertical-align: inherit;\"> , tel\u00e9fono de contacto: <\/span><\/span><a href=\"mailto:info@ponentimpressors.com\"><span class=\"s2\"><b><span style=\"vertical-align: inherit;\"><span style=\"vertical-align: inherit;\">info@ponentimpressors.com<\/span><\/span><\/b><\/span><\/a><span style=\"vertical-align: inherit;\"><span style=\"vertical-align: inherit;\"> .<\/span><\/span><\/p>\n<p class=\"p2\"><span style=\"vertical-align: inherit;\"><span style=\"vertical-align: inherit;\"><strong>PONENT IMPRESSORS<\/strong>, como responsable del presente Sitio Web y de conformidad con lo dispuesto en la normativa vigente en materia de protecci\u00f3n de datos personales, el Reglamento (UE) 2016\/679 de 27 de abril de 2016 (RGPD) relativo a la protecci\u00f3n de las personas f\u00edsicas en lo que se refiere al tratamiento de datos personales ya la libre circulaci\u00f3n de estos datos, la Ley Org\u00e1nica 15\/1999, de 13 de diciembre, de Protecci\u00f3n de Datos de Car\u00e1cter Personal (LOPD) y por la Ley 34\/ 2002, de 11 de julio, de Servicios de la Sociedad de la Informaci\u00f3n y del Comercio Electr\u00f3nico (LSSICE), tiene implementadas todas las medidas de seguridad, de \u00edndole t\u00e9cnica y organizativas, establecidas en el Real Decreto 1720\/2007 de 21 de Diciembre , (que desarrolla la LOPD) para garantizar y proteger la confidencialidad, integridad y disponibilidad de los datos introducidos.<\/span><\/span><\/p>\n<p class=\"p2\"><span style=\"vertical-align: inherit;\"><span style=\"vertical-align: inherit;\">A efectos de lo previsto en la LOPD, <b>PONENT IMPRESSORS<\/b><\/span><\/span><span style=\"vertical-align: inherit;\"><span style=\"vertical-align: inherit;\"> le informa que los datos que voluntariamente nos est\u00e1 facilitando ser\u00e1n incorporados a nuestros sistemas de informaci\u00f3n con el fin de realizar las gestiones comerciales y administrativas necesarias con los usuarios de la web; Las operaciones previstas para realizar los tratamientos son los siguientes: responder a las consultas y\/o proporcionar informaciones requeridas por el Usuario; realizar las prestaciones de servicios y\/o productos contratados o suscritos por el Usuario; realizar todas aquellas actividades propias de <b>PONENT IMPRESSORS<\/b><\/span><\/span><span style=\"vertical-align: inherit;\"><span style=\"vertical-align: inherit;\"> por el presente aviso legal rese\u00f1adas. y remitir el bolet\u00edn de noticias de la p\u00e1gina web.<\/span><\/span><\/p>\n<p class=\"p2\"><span style=\"vertical-align: inherit;\"><span style=\"vertical-align: inherit;\">El firmante garantiza la veracidad de los datos aportados y se compromete a comunicar cualquier cambio que se produzca en los mismos.<\/span><\/span><\/p>\n<p class=\"p2\"><span style=\"vertical-align: inherit;\"><span style=\"vertical-align: inherit;\">El Prestador, mediante asterisco (*) en las casillas correspondientes del formulario de contacto, le informa de esta obligatoriedad al Usuario, indicando qu\u00e9 datos son necesarios. Mediante la indicaci\u00f3n e introducci\u00f3n de los datos, el Usuario otorga el consentimiento inequ\u00edvoco a <\/span><\/span><span style=\"vertical-align: inherit;\"><span style=\"vertical-align: inherit;\"><b>PONENT IMPRESSORS<\/b> para proceda al tratamiento de los datos facilitados en pro de los fines mencionados.<\/span><\/span><\/p>\n<p class=\"p2\"><span style=\"vertical-align: inherit;\"><span style=\"vertical-align: inherit;\">El no facilitar los datos personales solicitados o no aceptar la presente pol\u00edtica de protecci\u00f3n de datos supone la imposibilidad de suscribirse, registrarse o recibir informaci\u00f3n de los productos y servicios del prestador.<\/span><\/span><\/p>\n<p class=\"p2\"><span style=\"vertical-align: inherit;\"><span style=\"vertical-align: inherit;\">De conformidad con lo dispuesto en las normativas vigentes en protecci\u00f3n de datos personales, el prestador est\u00e1 cumpliendo con todas las disposiciones de las normativas RGPD y LOPD para el tratamiento de los datos personales de su responsabilidad, y manifiestamente con los principios descritos en el arte. 5 del RGPD y en el art. 4 de la LOPD, por los que son tratados de forma l\u00edcita, leal y transparente en relaci\u00f3n con el interesado y adecuadas, pertinentes y limitados a lo necesario en relaci\u00f3n con los fines para los que son tratados.<\/span><\/span><\/p>\n<p class=\"p2\">El Responsable garanteix que ha implementat pol\u00edtiques t\u00e8cniques i organitzatives apropiades per aplicar les mesures de seguretat que estableixen el RGPD i la LOPD per tal de protegir els drets i llibertats dels Usuaris.<\/p>\n<p class=\"p2\">D\u2019 acord amb aquestes normatives, doncs, li informem que t\u00e9 dret a sol\u00b7licitar l\u2019acc\u00e9s, rectificaci\u00f3, portabilitat i supressi\u00f3 de les seves dades i la limitaci\u00f3 i oposici\u00f3 al seu tractament dirigint-se a Pl. del Jutge, s\/n, enviant un correu electr\u00f2nic a <span class=\"s1\"><b>CORREU<\/b><\/span>, indicant com Assumpte: \u201cLOPD, Drets ARCO\u201d, i adjuntant fotocopia del seu DNI o qualsevol mitj\u00e0 an\u00e0leg en dret, tal i como indica la llei. T\u00e9 dret a enretirar el consentiment prestat en qualsevol moment. La retirada del consentiment no afectar\u00e0 a la licitud del tractament efectuat abans de la retirada del consentiment. Tamb\u00e9 t\u00e9 dret a presentar una reclamaci\u00f3 davant l\u2019autoritat de control si considera que poden haver-se vist vulnerats els seus drets en relaci\u00f3 a la protecci\u00f3 de les seves dades (agpd.es).<\/p>\n<p class=\"p2\"><b>CONFIDENCIALITAT i CESSI\u00d3 DE DADES A TERCERS<\/b><\/p>\n<p class=\"p2\">Les dades que ens faciliti es tractaran de forma confidencial. El prestador ha adoptat totes les mesures t\u00e8cniques i organitzatives i tots els nivells de protecci\u00f3 necessaris per a garantir la seguretat en el tractament de les dades i evitar la seva alteraci\u00f3, p\u00e8rdua, robatori, tractament o acc\u00e9s no autoritzat, at\u00e8s l\u2019estat de la tecnologia i naturalesa de les dades emmagatzemades. Aix\u00ed mateix. es garanteix tamb\u00e9 que el tractament i registre en fitxers, programes, sistemes o equips, locals i centres compleixen amb els requisits i condicions de integritat i seguretat establertes en la normativa vigent.<br \/>\n<span class=\"s1\"><b><strong>PONENT IMPRESSORS<\/strong> <\/b><\/span>no cedir\u00e0 les dades personals a tercers, excepte per obligaci\u00f3 legal No obstant aix\u00f2, en el cas de ser cedits a algun tercer es produiria una informaci\u00f3 pr\u00e8via sol\u00b7licitant el consentiment expr\u00e9s per tal cessi\u00f3. L\u2019 entitat responsable de la base de dades, aix\u00ed com els que intervinguin en qualsevol fase del tractament i\/o les entitats a les qui se\u2019ls hagi comunicat -en tot cas sempre amb la corresponent autoritzaci\u00f3 atorgada per l\u2019usuari-, estan obligades a observar el secret professional i a l\u2019adopci\u00f3 dels nivells de protecci\u00f3 i les mesures t\u00e8cniques i organitzatives necess\u00e0ries al seu abast per garantir la seguretat de les dades de car\u00e0cter personal, evitant, en la mesura del possible, accessos no autoritzats, modificacions il\u00b7l\u00edcites, sostraccions i\/o la p\u00e8rdua de les dades, a fi de procurar el corresponent nivell de seguretat dels fitxers del prestador, segons la naturalesa i sensibilitat de les dades facilitades pels usuaris del present Lloc Web.<\/p>\n<p class=\"p2\"><b>ACCEPTACI\u00d3 I CONSENTIMENT<\/b><\/p>\n<p class=\"p2\">L\u2019 Usuari declara haver sigut informat de les condicions sobre protecci\u00f3 de dades de car\u00e0cter personal, acceptant i consentint el tractament automatitzat dels mateixos per part de <b>PONENT IMPRESSORS<\/b>. en la forma i per a les finalitats indicades en la present Pol\u00edtica de Protecci\u00f3 de Dades Personals.<br \/>\nPer tant, a l\u2019 utilitzar aquest formulari per contactar amb <b>PONENT IMPRESSORS<\/b>, est\u00e0 autoritzant expressament la utilitzaci\u00f3 de les seves dades per l\u2019enviament de comunicacions comercials, per qualsevol mitj\u00e0 (incloent correu electr\u00f2nic), podent anul\u00b7lar aquesta autoritzaci\u00f3 quan ho desitgi, dirigint-se a <b>PONENT IMPRESSORS<\/b>. a trav\u00e9s dels mitjans establerts.<br \/>\nA trav\u00e9s d\u2019 aquesta Pol\u00edtica de Privadesa li informem que les fotografies que estiguin penjades a la web s\u00f3n propietat de <b>PONENT IMPRESSORS<\/b>, incloent les dels menors, en les que, per a l\u2019 obtenci\u00f3 d\u2019aquestes, s\u2019ha obtingut el consentiment previ dels pares, tutors o representants legals mitjan\u00e7ant la signatura dels formularis realitzats a l\u2019 efecte pels centres en els quals els menors formen part. No obstant aix\u00f2, els pares, tutors o representants dels menors, com titulars de l\u2019exercici dels drets d\u2019aquests, i sempre previ requeriment formal per escrit, poden indicar la negativa a l\u2019\u00fas de la imatge del menor; en aquest cas, la imatge es mostrar\u00e0 pixel\u00b7lada.<\/p>\n<p class=\"p2\"><b>EXACTITUD I VERACITAT DE LES DADES<\/b><\/p>\n<p class=\"p2\">L\u2019 usuari \u00e9s l\u2019 \u00fanic responsable de la veracitat i correcci\u00f3 de les dades que remeti a <b>PONENT IMPRESSORS<\/b>, exonerant al Prestador de qualsevol responsabilitat al respecte. Els usuaris garanteixen i responen, en qualsevol cas, de l\u2019 exactitud, vig\u00e8ncia i autenticitat de les dades personals facilitades, i es comprometen a mantenir-los degudament actualitzats. L\u2019 usuari accepta proporcionar informaci\u00f3 completa i correcta en el formulari de registre o subscripci\u00f3.<\/p>\n<p class=\"p2\"><b>CONTINGUT DE LA WEB I ENLLA\u00c7OS (LINKS)<\/b><\/p>\n<p class=\"p2\"><b>PONENT IMPRESSORS<\/b> es reserva el dret a actualitzar, modificar o eliminar la informaci\u00f3 continguda en la web, podent, incl\u00fas, limitar o no permetre l\u2019 acc\u00e9s a la informaci\u00f3.<br \/>\n<b>PONENT IMPRESSORS <\/b>no assumeix cap tipus de responsabilitat per la informaci\u00f3 continguda en les Webs de tercers a les que es pugui accedir pels \u00ablinks\u00bb o enlla\u00e7os des de qualsevol p\u00e0gina Web propietat del prestador. La presencia de \u00ablinks\u00bb o enlla\u00e7os nom\u00e9s tenen finalitat informativa i en cap cas suposa cap sugger\u00e8ncia, invitaci\u00f3 o reconeixement sobre els mateixos.<\/p>\n<p class=\"p2\"><b>ENVIAMENT CV<\/b><\/p>\n<p class=\"p2\">En el cas que l\u2019usuari enviI el seu CV a trav\u00e9s de la nostra web, li informem que les dades aportades seran tractades per fer-lo part\u00edcip dels processos de selecci\u00f3 que pugui haver, portant a terme una an\u00e0lisi del perfil del sol\u00b7licitant amb l&#8217;objectiu de seleccionar el millor candidat per al lloc vacant del Responsable. L&#8217;informem que aquest \u00e9s l&#8217;\u00fanic procediment oficial per acceptar el seu curr\u00edculum, de manera que no s&#8217;acceptaran els curr\u00edculums remesos per un altre procediment diferent. En cas de produir-se alguna modificaci\u00f3 en les dades, li preguem ens ho comuniqui per escrit el m\u00e9s aviat possible, a fi de mantenir les seves dades degudament actualitzades.<br \/>\nLes dades es conservaran durant un termini m\u00e0xim d&#8217;un any, transcorregut el qual es procedir\u00e0 a la supressi\u00f3 de les dades garantint-li un total respecte a la confidencialitat tant en el tractament com en la seva posterior destrucci\u00f3. En aquest sentit, transcorregut l&#8217;esmentat termini, i si desitja continuar participant en els processos de selecci\u00f3 del Responsable, li preguem ens remeti novament el seu curr\u00edculum.<br \/>\nLes dades es podran tractar i\/o comunicar a les empreses integrants del nostre grup durant el temps de conservaci\u00f3 del seu curr\u00edculum i per als mateixos fins abans informats.<\/p>\n<p class=\"p2\"><b>SUBSCRIPCI\u00d3 AL BLOG DE EMPRESA<\/b><\/p>\n<p class=\"p2\">En el cas que l\u2019usuari es subscrigui al blog, li informem que les dades aportades seran tractades per gestionar la seva subscripci\u00f3 al blog informatiu amb av\u00eds d&#8217;actualitzaci\u00f3 i que es conservaran mentre hi hagi un inter\u00e8s mutu per mantenir la fi del tractament. Quan ja no sigui necessari per a tal fi, es suprimiran amb mesures de seguretat adequades per garantir la seudonimitzaci\u00f3 de les dades o destrucci\u00f3 total dels mateixos. No es comunicaran les dades a tercers, excepte obligaci\u00f3 legal.<\/p>\n<p class=\"p2\"><b>PARTICIPACI\u00d3 EN F\u00d2RUMS <\/b><\/p>\n<p class=\"p2\">En el cas que l\u2019usuari vulgui participar en els f\u00f2rums de la web, li informem que les dades aportades seran tractades per regular la participaci\u00f3 en el mateix. Qualsevol registre o transmissi\u00f3 de dades personals que l&#8217;usuari d&#8217;aquest f\u00f2rum faciliti suposa el coneixement i acceptaci\u00f3 inequ\u00edvoc de l&#8217;Av\u00eds Legal i la Pol\u00edtica de Privadesa exposats a la p\u00e0gina web. Les dades es conservaran mentre hi hagi un inter\u00e8s mutu per mantenir la fi del tractament i quan ja no sigui necessari per a tal fi, es suprimiran amb mesures de seguretat adequades per garantir la seudonimitzaci\u00f3 de les dades o destrucci\u00f3 total dels mateixos. Les publicacions es mostraran p\u00fablicament als usuaris del f\u00f2rum on line.<\/p>\n<p class=\"p2\"><b>PUBLICACI\u00d3 DEL SEU TESTIMONI<\/b><\/p>\n<p class=\"p2\"><span style=\"vertical-align: inherit;\"><span style=\"vertical-align: inherit;\">En caso de que el usuario quiera publicar su opini\u00f3n en la web, le informamos que los datos aportados ser\u00e1n tratados ser\u00e1n para atender las sugerencias propuestas, experiencias u opiniones respecto de los productos y\/o servicios para ser publicados en la p\u00e1gina web y as\u00ed poder ayudar a otros usuarios. Los datos se conservar\u00e1n mientras exista un inter\u00e9s mutuo por mantener el fin del tratamiento y cuando ya no sea necesario para tal fin, se suprimir\u00e1n con medidas de seguridad adecuadas para garantizar la sudonimizaci\u00f3n de los datos o destrucci\u00f3n total de los mismos. Los testigos se publicar\u00e1n en nuestra p\u00e1gina web. El \u00fanico dato personal que se publicar\u00e1 del testigo ser\u00e1 su nombre.<\/span><\/span><\/p>\n<p class=\"p2\"><b><span style=\"vertical-align: inherit;\"><span style=\"vertical-align: inherit;\">CAMBIOS EN LA PRESENTE POL\u00cdTICA DE PRIVACIDAD<\/span><\/span><\/b><\/p>\n<p class=\"p2\"><span style=\"vertical-align: inherit;\"><span style=\"vertical-align: inherit;\"><strong>PONENT IMPRESSORS<\/strong> se reserva el derecho a modificar la presente pol\u00edtica para adaptarla a novedades legislativas o jurisprudenciales.<\/span><\/span><\/p>\n<p class=\"p2\"><b><span style=\"vertical-align: inherit;\"><span style=\"vertical-align: inherit;\">CORREOS COMERCIALES<\/span><\/span><\/b><\/p>\n<p class=\"p2\"><b><span style=\"vertical-align: inherit;\"><span style=\"vertical-align: inherit;\">De acuerdo con la LSSICE, <strong>PONENT IMPRESSORS<\/strong><\/span><\/span><\/b><b><span style=\"vertical-align: inherit;\"><span style=\"vertical-align: inherit;\">no realiza pr\u00e1cticas de SPAM, por tanto, no env\u00eda correos comerciales por e-mail que no hayan sido previamente solicitados o autorizados por el Usuario. En consecuencia, en cada uno de los formularios de la P\u00e1gina Web, el Usuario tiene la posibilidad de dar su consentimiento expreso para recibir nuestro Bolet\u00edn, con independencia de la informaci\u00f3n comercial puntualmente solicitada.<\/span><\/span><\/b><\/p>\n<p class=\"p2\"><b><span style=\"vertical-align: inherit;\"><span style=\"vertical-align: inherit;\">LEGISLACI\u00d3N<\/span><\/span><\/b><\/p>\n<p class=\"p2\"><b><span style=\"vertical-align: inherit;\"><span style=\"vertical-align: inherit;\">A todos los efectos las relaciones entre <strong>PONENT IMPRESSORS<\/strong><\/span><\/span><\/b><b><span style=\"vertical-align: inherit;\"><span style=\"vertical-align: inherit;\">con los Usuarios de sus servicios telem\u00e1ticos, presentes en esta Web, est\u00e1n sometidos a la legislaci\u00f3n y jurisdicci\u00f3n espa\u00f1olas a la que se someten expresamente las partes, siendo competentes para la resoluci\u00f3n de todos los conflictos derivados o relacionados con su uso los Juzgados y Tribunales de L\u00e9rida.<\/span><\/span><\/b><\/p>\n<\/div><\/div><\/div><\/div><\/div>\n","protected":false},"excerpt":{"rendered":"","protected":false},"author":1,"featured_media":0,"parent":0,"menu_order":0,"comment_status":"closed","ping_status":"closed","template":"100-width.php","meta":{"footnotes":""},"class_list":["post-1336","page","type-page","status-publish","hentry"],"_links":{"self":[{"href":"https:\/\/ponentimpressors.com\/es\/wp-json\/wp\/v2\/pages\/1336","targetHints":{"allow":["GET"]}}],"collection":[{"href":"https:\/\/ponentimpressors.com\/es\/wp-json\/wp\/v2\/pages"}],"about":[{"href":"https:\/\/ponentimpressors.com\/es\/wp-json\/wp\/v2\/types\/page"}],"author":[{"embeddable":true,"href":"https:\/\/ponentimpressors.com\/es\/wp-json\/wp\/v2\/users\/1"}],"replies":[{"embeddable":true,"href":"https:\/\/ponentimpressors.com\/es\/wp-json\/wp\/v2\/comments?post=1336"}],"version-history":[{"count":3,"href":"https:\/\/ponentimpressors.com\/es\/wp-json\/wp\/v2\/pages\/1336\/revisions"}],"predecessor-version":[{"id":1386,"href":"https:\/\/ponentimpressors.com\/es\/wp-json\/wp\/v2\/pages\/1336\/revisions\/1386"}],"wp:attachment":[{"href":"https:\/\/ponentimpressors.com\/es\/wp-json\/wp\/v2\/media?parent=1336"}],"curies":[{"name":"wp","href":"https:\/\/api.w.org\/{rel}","templated":true}]}}